{"id":123,"date":"2015-04-04T13:23:47","date_gmt":"2015-04-04T12:23:47","guid":{"rendered":"http:\/\/echecsetmixte.fr\/?page_id=123"},"modified":"2026-01-13T18:32:10","modified_gmt":"2026-01-13T17:32:10","slug":"adhesion","status":"publish","type":"page","link":"http:\/\/echecsetmixte.fr\/?page_id=123","title":{"rendered":"Adh\u00e9sion"},"content":{"rendered":"\n<p><strong>\u00c9checs &amp; Mixte !<\/strong> a \u00e9t\u00e9 cr\u00e9\u00e9e le 1<sup>er<\/sup> mars 2015. L\u2019association a pour objet de proposer des mesures b\u00e9n\u00e9fiques \u00e0 la pratique f\u00e9minine du jeu d\u2019\u00c9checs et \u00e0 la progression des performances sportives des femmes, dans un esprit d\u2019\u00e9galit\u00e9 entre joueuses et joueurs d\u2019\u00c9checs. Notamment, l\u2019association a pour but de promouvoir et favoriser la mixit\u00e9 en tous domaines li\u00e9s au milieu \u00e9chiqu\u00e9en. L\u2019association s\u2019attachera \u00e9galement \u00e0 \u00e9tudier et \u00e9valuer toute mesure propos\u00e9e par d\u2019autres (individus, institutions, f\u00e9d\u00e9rations, clubs etc\u2026, fran\u00e7ais ou non) ayant ce but affich\u00e9 ainsi qu\u2019\u00e0 faire un bilan r\u00e9gulier de l\u2019\u00e9volution de la situation de la mixit\u00e9 aux \u00c9checs.<\/p>\n\n\n\n<p>Si vous consid\u00e9rez que l\u2019instauration progressive de la mixit\u00e9 aux Echecs est un processus \u00e9quitable pour faire \u00e9voluer et faire progresser les joueuses et joueurs sur le plan sportif, mais aussi culturel, si vous souhaitez participer \u00e0 la vie de l\u2019association, rejoignez <strong>\u00c9checs &amp; Mixte ! <\/strong>en renseignant&nbsp;le formulaire ci-dessous. Les adh\u00e9sions et dons nous servent essentiellement \u00e0 maintenir ce site internet.<\/p>\n\n\n<p><iframe id=\"haWidget\" allowtransparency=\"true\" src=\"https:\/\/www.helloasso.com\/associations\/echecs-et-mixte\/adhesions\/bulletin-d-adhesion-2026\/widget\" style=\"width: 100%; border: none;\" onload=\"window.addEventListener( 'message', function(e) { const dataHeight = e.data.height; const haWidgetElement = document.getElementById('haWidget'); haWidgetElement.height = dataHeight + 'px'; } )\" ><\/iframe><\/p>\n\n\n\n<p>Si vous avez des questions ou des suggestions, nous vous invitons \u00e0 prendre contact avec nous en \u00e9crivant \u00e0 <a href=\"mailto:echecsetmixte@gmail.com\">echecsetmixte@gmail.com<\/a>, ou en utilisant notre <a href=\"http:\/\/echecsetmixte.fr\/?page_id=44\">formulaire de contact<\/a> disponible sur ce site. Les membres d\u2019<strong>\u00c9checs &amp; Mixte ! <\/strong>se feront un plaisir de vous r\u00e9pondre dans les meilleurs d\u00e9lais.<\/p>\n\n\n\n<p><\/p>\n","protected":false},"excerpt":{"rendered":"<p>\u00c9checs &amp; Mixte ! a \u00e9t\u00e9 cr\u00e9\u00e9e le 1er mars 2015. L\u2019association a pour objet de proposer des mesures b\u00e9n\u00e9fiques \u00e0 la pratique f\u00e9minine du jeu d\u2019\u00c9checs et \u00e0 la progression des performances sportives des femmes, dans un esprit d\u2019\u00e9galit\u00e9 entre joueuses et joueurs d\u2019\u00c9checs. Notamment, l\u2019association a pour but de promouvoir et favoriser la &#8230; <a title=\"Adh\u00e9sion\" class=\"read-more\" href=\"http:\/\/echecsetmixte.fr\/?page_id=123\" aria-label=\"En savoir plus sur Adh\u00e9sion\">Lire la suite<\/a><\/p>\n","protected":false},"author":3,"featured_media":0,"parent":59,"menu_order":0,"comment_status":"open","ping_status":"open","template":"","meta":{"_monsterinsights_skip_tracking":false,"_monsterinsights_sitenote_active":false,"_monsterinsights_sitenote_note":"","_monsterinsights_sitenote_category":0,"footnotes":""},"class_list":["post-123","page","type-page","status-publish"],"_links":{"self":[{"href":"http:\/\/echecsetmixte.fr\/index.php?rest_route=\/wp\/v2\/pages\/123","targetHints":{"allow":["GET"]}}],"collection":[{"href":"http:\/\/echecsetmixte.fr\/index.php?rest_route=\/wp\/v2\/pages"}],"about":[{"href":"http:\/\/echecsetmixte.fr\/index.php?rest_route=\/wp\/v2\/types\/page"}],"author":[{"embeddable":true,"href":"http:\/\/echecsetmixte.fr\/index.php?rest_route=\/wp\/v2\/users\/3"}],"replies":[{"embeddable":true,"href":"http:\/\/echecsetmixte.fr\/index.php?rest_route=%2Fwp%2Fv2%2Fcomments&post=123"}],"version-history":[{"count":27,"href":"http:\/\/echecsetmixte.fr\/index.php?rest_route=\/wp\/v2\/pages\/123\/revisions"}],"predecessor-version":[{"id":2060,"href":"http:\/\/echecsetmixte.fr\/index.php?rest_route=\/wp\/v2\/pages\/123\/revisions\/2060"}],"up":[{"embeddable":true,"href":"http:\/\/echecsetmixte.fr\/index.php?rest_route=\/wp\/v2\/pages\/59"}],"wp:attachment":[{"href":"http:\/\/echecsetmixte.fr\/index.php?rest_route=%2Fwp%2Fv2%2Fmedia&parent=123"}],"curies":[{"name":"wp","href":"https:\/\/api.w.org\/{rel}","templated":true}]}}