{"id":156,"date":"2015-04-04T13:56:50","date_gmt":"2015-04-04T12:56:50","guid":{"rendered":"http:\/\/echecsetmixte.fr\/?page_id=156"},"modified":"2021-04-09T19:39:03","modified_gmt":"2021-04-09T18:39:03","slug":"accueil","status":"publish","type":"page","link":"http:\/\/echecsetmixte.fr\/?page_id=156","title":{"rendered":"Le mot de la pr\u00e9sidente"},"content":{"rendered":"\n<p>\u00c9checs et Mixte, que j\u2019ai l\u2019honneur de pr\u00e9sider, est une association qui \u0153uvre pour atteindre la mixit\u00e9 dans le domaine des \u00e9checs, plus particuli\u00e8rement dans le cadre des comp\u00e9titions et activit\u00e9s li\u00e9es \u00e0 la F\u00e9d\u00e9ration Fran\u00e7aise des \u00c9checs.<\/p>\n\n\n\n<p>La mixit\u00e9, cela ne veut pas dire, comme on l\u2019entend parfois, d\u00e9poss\u00e9der les joueurs masculins de leurs droits, ou imposer aux licenci\u00e9es des choses dont elles ne veulent pas. Nous travaillons \u00e0 ce que les joueurs et les joueuses puissent trouver leur place et se sentir respect\u00e9-e-s dans le monde des \u00e9checs. Cela ne peut se faire sans une augmentation significative de la proportion de licenci\u00e9es, car c\u2019est en \u00e9voluant dans un monde mixte que chacun s\u2019habituera \u00e0 consid\u00e9rer les femmes comme des joueuses, des arbitres ou des responsables de clubs aussi comp\u00e9tentes et respectables que leurs homologues masculins. Chacun verra ainsi qu\u2019une femme qui joue aux \u00e9checs n\u2019est pas une exception, un animal rare ou un gain toujours facile, mais une \u00e9quipi\u00e8re, une capitaine d\u2019\u00e9quipe ou une adversaire comme les autres.<\/p>\n\n\n\n<p>\u00c0 l\u2019heure o\u00f9 j\u2019\u00e9cris, il y a moins 20% de licenci\u00e9es \u00e0 la FFE. Certain-e-s s\u2019en r\u00e9jouissent&nbsp;: dans d\u2019autres pays d\u2019Europe c\u2019est beaucoup moins. D\u2019ailleurs, \u00e0 la FFE, cette proportion fut bien plus faible, et on imagine parfois qu\u2019il suffirait de laisser les choses aller leur cours pour que cela augmente doucement jusqu\u2019\u00e0 50%. <\/p>\n\n\n\n<p>Je pense que c\u2019est faux. Notre association \u00e9tudie l\u2019\u00e9volution de la part de licenci\u00e9es depuis longtemps, et nous savons qu\u2019en laissant les choses se faire \u00ab&nbsp;naturellement&nbsp;\u00bb, nous n\u2019obtiendrons une mixit\u00e9 r\u00e9elle que d\u2019ici des dizaines et des dizaines d\u2019ann\u00e9es, et encore, si tout se passe bien. Des actions concr\u00e8tes sont n\u00e9cessaires pour que les petites filles, les adolescentes et les femmes puissent d\u00e9couvrir ce sport et voir si cela leur plait. Comment pourraient-elles savoir qu\u2019elles aiment jouer aux \u00e9checs si on ne leur montre jamais que c\u2019est pour elles, si on ne va pas contre les pr\u00e9jug\u00e9s qui font croire si souvent que c\u2019est un jeu masculin&nbsp;? Et une fois qu\u2019elles ont d\u00e9couvert le jeu, d\u2019autres actions concr\u00e8tes sont n\u00e9cessaires pour leur montrer qu\u2019elles peuvent rester en s\u00e9curit\u00e9 dans le milieu des \u00e9checs, s\u2019y investir si elles le souhaitent, progresser au plus haut de leur potentiel sans qu\u2019elles soient victimes de machisme ou de sexisme.<\/p>\n\n\n\n<p>Les raisons pour lesquelles les femmes jouent moins aux \u00e9checs que les hommes sont multiples et peu \u00e9tudi\u00e9es, mais ce qui est certain c\u2019est qu\u2019avoir peu de filles ou de femmes dans un club n\u2019incite pas \u00e0 ce qu\u2019il y en ait plus. Que celles qui arr\u00eatent les \u00e9checs \u00e0 l\u2019adolescence ne donnent pas envie \u00e0 leurs copines de continuer car elles se retrouvent seules. Ce en quoi nous croyons \u00e0 \u00c9checs &amp; Mixte, c\u2019est qu\u2019avoir plus de licenci\u00e9es fera que les clubs seront plus agr\u00e9ables pour toutes et tous, et donc que plus de femmes s\u2019y inscriront. Nous pensons aussi que plus il y aura de joueuses plus on aura de chances de trouver des comp\u00e9titrices exceptionnelles et de voir augmenter le niveau f\u00e9minin.<\/p>\n\n\n\n<p>Aller vers la mixit\u00e9 changera le monde des \u00e9checs&nbsp;: les clubs ne seront plus des <em>boys clubs&nbsp;<\/em>o\u00f9 les hommes sont entre eux. On y entendra moins de blagues lourdes. Les joueuses ne seront plus l\u2019exception, elles ne se sentiront plus valoris\u00e9es comme \u00e9tant \u00ab&nbsp;la fille du club&nbsp;\u00bb, \u00ab&nbsp;la f\u00e9minine de l\u2019\u00e9quipe&nbsp;\u00bb, mais elles seront vues comme des membres comme les autres, avec les m\u00eames capacit\u00e9s. On entendra sans doute beaucoup moins de gens analyser doctement les particularit\u00e9s des \u00ab&nbsp;\u00e9checs f\u00e9minins&nbsp;\u00bb. Ce ne sera plus la m\u00eame chose, sans doute. Ce ne sera plus la m\u00eame communaut\u00e9 \u00e9chiqu\u00e9enne, certains penseront m\u00eame qu\u2019on y perd quelque chose. Mais en se retrouvant alors dans un univers mixte, on gagnera aussi beaucoup plus.<\/p>\n\n\n\n<p>Sonia Bogdanovsky, avril 2021.<\/p>\n\n\n\n<p>  <\/p>\n\n\n\n<p>  <\/p>\n\n\n\n<p>  <\/p>\n\n\n\n<h3 class=\"wp-block-heading\"><strong>Mot d&rsquo;Isabelle Billard, avril 2015<\/strong><\/h3>\n\n\n\n<p>Nous sommes heureux de vous accueillir sur un site encore en construction. Nous esp\u00e9rons que vous appr\u00e9cierez, au fil de vos passages et surfs, les diverses rubriques, d\u00e9j\u00e0 pr\u00e9sentes et \u00e0 venir. Vous y d\u00e9couvrirez, selon notre humeur et l\u2019actualit\u00e9 \u00e9chiqu\u00e9enne, nationale ou internationale, des comptes rendus, des billets d\u2019humeur, des critiques de film ou de livres, des interviews et des statistiques d\u00e9cortiqu\u00e9es. Une section bibliographique vous donnera acc\u00e8s \u00e0 des articles, interviews ou autres documents que nous jugeons importants dans le contexte de notre association, qui seront parfois comment\u00e9s et vous permettront de vous faire une opinion sur un point pr\u00e9cis ou un autre. Enfin, des liens vers d\u2019autres sites, d\u2019associations notamment, vous permettront de d\u00e9couvrir toute une plan\u00e8te de mixit\u00e9.<\/p>\n\n\n\n<p>L\u2019association Echecs &amp; Mixte&nbsp;! que j\u2019ai l\u2019honneur de pr\u00e9sider a pour vocation de remettre en perspective la disparit\u00e9 hommes\/femmes du monde \u00e9chiqu\u00e9en, de discuter (et \u00e9ventuellement de combattre) les arguments avanc\u00e9s pour expliquer (ou justifier\u2026) cet \u00e9tat de fait et de proposer des mesures adapt\u00e9es au but ultime que nous nous sommes fix\u00e9s&nbsp;: une mixit\u00e9 parfaite dans ce noble jeu.<\/p>\n\n\n\n<p>Il est tout d\u2019abord vital de d\u00e9finir pr\u00e9cis\u00e9ment ce que nous entendons par \u00ab&nbsp;mixit\u00e9 parfaite&nbsp;\u00bb aux \u00e9checs. Selon moi, la mixit\u00e9 sera atteinte lorsque autant de femmes que d\u2019hommes seront inscrits \u00e0 la F\u00e9d\u00e9ration (FFE ou FIDE, n\u2019ayons pas peur des objectifs&nbsp;!), que la probabilit\u00e9 pour un joueur de rencontrer un adversaire quelconque ne d\u00e9pendra pas de son sexe mais uniquement de son Elo et que la r\u00e9partition des Elos f\u00e9minins et masculins sera similaire. Nous pourrions ajouter qu\u2019autant de femmes que d\u2019hommes seront pr\u00e9sents \u00e0 tous les niveaux de la pyramide institutionnelle de la f\u00e9d\u00e9ration (pr\u00e9sident(e) de club, membres des comit\u00e9s de ligue, entraineurs, arbitres, membres de la FFE etc.). Il est \u00e0 parier que ces objectifs (niveau, nombre, repr\u00e9sentativit\u00e9) progresseront plus ou moins de concert.<\/p>\n\n\n\n<p>Il est \u00e9vident que cet objectif de mixit\u00e9 ne pourra \u00eatre atteint qu\u2019apr\u00e8s un travail de longue haleine, que nous comparons volontiers \u00e0 la lente \u00e9mergence des femmes dans le milieu scolaire et universitaire. Aucun de ceux qui lisent ces lignes n\u2019\u00e9tait encore n\u00e9 lorsque l\u2019opinion commun\u00e9ment admise \u00e9tait que les femmes \u00e9taient trop stupides pour obtenir le certificat d\u2019\u00e9tudes, puis le baccalaur\u00e9at mais certains d\u2019entre vous (et moi en particulier) se souviennent certainement de l\u2019int\u00e9gration d\u2019Anne Chopinet \u00e0 l\u2019\u00e9cole Polytechnique, class\u00e9e premi\u00e8re au concours d\u2019entr\u00e9e s\u2019il vous plait. Peu d\u2019entre vous savent cependant qu\u2019elles \u00e9taient sept femmes \u00e0 int\u00e9grer cette premi\u00e8re promotion f\u00e9minis\u00e9e en 1972 et qu\u2019Anne Chopinet est m\u00e8re de cinq enfants. Les \u00e9checs, qu\u2019ils soient consid\u00e9r\u00e9s comme un sport, un jeu, un loisir ou tout cela \u00e0 la fois n\u2019en sont pas moins une discipline intellectuelle, n\u00e9cessitant des capacit\u00e9s tr\u00e8s proches de celles requises au cours des \u00e9tudes. Ainsi, l\u2019\u00e9volution observ\u00e9e tout au long de la chaine \u00e9ducative nous laisse augurer favorablement du but d\u00e9fini par notre association.<\/p>\n\n\n\n<p>Toutefois, cette \u00e9volution que nous jugeons in\u00e9luctable ne pourra se faire sans la participation active de toutes les bonnes volont\u00e9s et un retour de chacun sur les st\u00e9r\u00e9otypes qu\u2019il v\u00e9hicule parfois \u00e0 l\u2019insu de son plein gr\u00e9, pour reprendre un mot c\u00e9l\u00e8bre. Non, le pendant d\u2019une comp\u00e9tition f\u00e9minine, c\u2019est-\u00e0-dire strictement interdite aux hommes, n\u2019est <span style=\"text-decoration: underline;\"><u>pas<\/u><\/span> un championnat mixte mais bien un championnat masculin strictement interdit aux femmes. L\u2019\u00e9tablissement d\u2019un tel championnat ferait sans doute pousser de hauts cris \u00e0 bien des joueurs et joueuses, pour de nombreuses raisons que nous soutiendrons, aussi nous parait-il surprenant, pour ne pas dire \u00e9minemment regrettable, que les nombreuses comp\u00e9titions strictement f\u00e9minines existantes ne soient pas plus d\u00e9cri\u00e9es. Nous soutenons l\u2019\u00e9radication progressive de cette distinction femme\/mixte aux championnats de France Jeunes, pour commencer. C\u2019\u00e9tait le but de la <a href=\"https:\/\/www.change.org\/p\/f%C3%A9d%C3%A9ration-fran%C3%A7aise-des-echecs-rendre-mixtes-les-championnats-de-france-d-%C3%A9checs-des-jeunes-2\/\">p\u00e9tition<\/a> lanc\u00e9e il y a quelques mois sur Change.org et toujours en ligne.<\/p>\n\n\n\n<p>Si vous partagez nos convictions, si vous avez des suggestions ou des t\u00e9moignages, si vous pensez que tous et toutes, ensemble, nous pouvons tendre \u00e0 cette mixit\u00e9 par des actions et des revendications \u00e9tay\u00e9es et argument\u00e9es, contactez-nous via la page d\u00e9di\u00e9e, rejoignez l\u2019association, signez la p\u00e9tition et surtout, agissez \u00e0 votre niveau pour que cette disparit\u00e9 ne soit un jour plus qu\u2019un souvenir.<\/p>\n\n\n\n<p>Les petits ruisseaux font les grandes rivi\u00e8res et les pions arrivent \u00e0 dame.<\/p>\n\n\n\n<p>Isabelle Billard.<\/p>\n","protected":false},"excerpt":{"rendered":"<p>\u00c9checs et Mixte, que j\u2019ai l\u2019honneur de pr\u00e9sider, est une association qui \u0153uvre pour atteindre la mixit\u00e9 dans le domaine des \u00e9checs, plus particuli\u00e8rement dans le cadre des comp\u00e9titions et activit\u00e9s li\u00e9es \u00e0 la F\u00e9d\u00e9ration Fran\u00e7aise des \u00c9checs. La mixit\u00e9, cela ne veut pas dire, comme on l\u2019entend parfois, d\u00e9poss\u00e9der les joueurs masculins de leurs &#8230; <a title=\"Le mot de la pr\u00e9sidente\" class=\"read-more\" href=\"http:\/\/echecsetmixte.fr\/?page_id=156\" aria-label=\"En savoir plus sur Le mot de la pr\u00e9sidente\">Lire la suite<\/a><\/p>\n","protected":false},"author":1,"featured_media":0,"parent":0,"menu_order":0,"comment_status":"open","ping_status":"open","template":"","meta":{"_monsterinsights_skip_tracking":false,"_monsterinsights_sitenote_active":false,"_monsterinsights_sitenote_note":"","_monsterinsights_sitenote_category":0,"footnotes":""},"class_list":["post-156","page","type-page","status-publish"],"_links":{"self":[{"href":"http:\/\/echecsetmixte.fr\/index.php?rest_route=\/wp\/v2\/pages\/156","targetHints":{"allow":["GET"]}}],"collection":[{"href":"http:\/\/echecsetmixte.fr\/index.php?rest_route=\/wp\/v2\/pages"}],"about":[{"href":"http:\/\/echecsetmixte.fr\/index.php?rest_route=\/wp\/v2\/types\/page"}],"author":[{"embeddable":true,"href":"http:\/\/echecsetmixte.fr\/index.php?rest_route=\/wp\/v2\/users\/1"}],"replies":[{"embeddable":true,"href":"http:\/\/echecsetmixte.fr\/index.php?rest_route=%2Fwp%2Fv2%2Fcomments&post=156"}],"version-history":[{"count":14,"href":"http:\/\/echecsetmixte.fr\/index.php?rest_route=\/wp\/v2\/pages\/156\/revisions"}],"predecessor-version":[{"id":1773,"href":"http:\/\/echecsetmixte.fr\/index.php?rest_route=\/wp\/v2\/pages\/156\/revisions\/1773"}],"wp:attachment":[{"href":"http:\/\/echecsetmixte.fr\/index.php?rest_route=%2Fwp%2Fv2%2Fmedia&parent=156"}],"curies":[{"name":"wp","href":"https:\/\/api.w.org\/{rel}","templated":true}]}}