{"id":2,"date":"2015-03-22T14:51:42","date_gmt":"2015-03-22T14:51:42","guid":{"rendered":"http:\/\/echecsetmixte.fr\/?page_id=2"},"modified":"2025-05-19T16:51:50","modified_gmt":"2025-05-19T15:51:50","slug":"page-d-exemple","status":"publish","type":"page","link":"http:\/\/echecsetmixte.fr\/?page_id=2","title":{"rendered":"Qui sommes-nous ?"},"content":{"rendered":"<p style=\"text-align: justify;\"><strong>\u00c9checs &amp; Mixte !<\/strong> est une association r\u00e9gie par la Loi de 1901, cr\u00e9\u00e9e le 1er mars 2015 et parue au <a href=\"http:\/\/echecsetmixte.fr\/wp-content\/uploads\/2015\/03\/Linsertion-au-Journal-Officiel-des-Associations-du-14.03.2015.pdf\">Journal Officiel<\/a> n\u00b011 du 14.03.2015.<\/p>\n<p style=\"text-align: justify;\">L&rsquo;association <strong>\u00c9checs &amp; Mixte !<\/strong> a pour objet de proposer des mesures b\u00e9n\u00e9fiques \u00e0 la pratique f\u00e9minine du jeu d\u2019\u00c9checs et \u00e0 la progression des performances sportives des femmes, dans un esprit d\u2019\u00e9galit\u00e9 entre joueuses et joueurs d\u2019\u00c9checs. Notamment, l\u2019association a pour but de promouvoir et favoriser la mixit\u00e9 en tous domaines li\u00e9s au milieu \u00e9chiqu\u00e9en. L\u2019association s\u2019attachera \u00e9galement \u00e0 \u00e9tudier et \u00e9valuer toute mesure propos\u00e9e par d\u2019autres (individus, institutions, f\u00e9d\u00e9rations, clubs etc\u2026, fran\u00e7ais ou non) ayant ce but affich\u00e9 ainsi qu\u2019\u00e0 faire un bilan r\u00e9gulier de l\u2019\u00e9volution de la situation de la mixit\u00e9 aux \u00c9checs.<\/p>\n","protected":false},"excerpt":{"rendered":"<p>\u00c9checs &amp; Mixte ! est une association r\u00e9gie par la Loi de 1901, cr\u00e9\u00e9e le 1er mars 2015 et parue au Journal Officiel n\u00b011 du 14.03.2015. L&rsquo;association \u00c9checs &amp; Mixte ! a pour objet de proposer des mesures b\u00e9n\u00e9fiques \u00e0 la pratique f\u00e9minine du jeu d\u2019\u00c9checs et \u00e0 la progression des performances sportives des femmes, &#8230; <a title=\"Qui sommes-nous ?\" class=\"read-more\" href=\"http:\/\/echecsetmixte.fr\/?page_id=2\" aria-label=\"En savoir plus sur Qui sommes-nous ?\">Lire la suite<\/a><\/p>\n","protected":false},"author":1,"featured_media":0,"parent":0,"menu_order":0,"comment_status":"open","ping_status":"open","template":"","meta":{"_monsterinsights_skip_tracking":false,"_monsterinsights_sitenote_active":false,"_monsterinsights_sitenote_note":"","_monsterinsights_sitenote_category":0,"footnotes":""},"class_list":["post-2","page","type-page","status-publish"],"_links":{"self":[{"href":"http:\/\/echecsetmixte.fr\/index.php?rest_route=\/wp\/v2\/pages\/2","targetHints":{"allow":["GET"]}}],"collection":[{"href":"http:\/\/echecsetmixte.fr\/index.php?rest_route=\/wp\/v2\/pages"}],"about":[{"href":"http:\/\/echecsetmixte.fr\/index.php?rest_route=\/wp\/v2\/types\/page"}],"author":[{"embeddable":true,"href":"http:\/\/echecsetmixte.fr\/index.php?rest_route=\/wp\/v2\/users\/1"}],"replies":[{"embeddable":true,"href":"http:\/\/echecsetmixte.fr\/index.php?rest_route=%2Fwp%2Fv2%2Fcomments&post=2"}],"version-history":[{"count":20,"href":"http:\/\/echecsetmixte.fr\/index.php?rest_route=\/wp\/v2\/pages\/2\/revisions"}],"predecessor-version":[{"id":2052,"href":"http:\/\/echecsetmixte.fr\/index.php?rest_route=\/wp\/v2\/pages\/2\/revisions\/2052"}],"wp:attachment":[{"href":"http:\/\/echecsetmixte.fr\/index.php?rest_route=%2Fwp%2Fv2%2Fmedia&parent=2"}],"curies":[{"name":"wp","href":"https:\/\/api.w.org\/{rel}","templated":true}]}}