{"id":368,"date":"2015-05-26T17:14:02","date_gmt":"2015-05-26T16:14:02","guid":{"rendered":"http:\/\/echecsetmixte.fr\/?page_id=368"},"modified":"2015-11-13T14:38:11","modified_gmt":"2015-11-13T13:38:11","slug":"mot-de-la-presidente","status":"publish","type":"page","link":"http:\/\/echecsetmixte.fr\/?page_id=368","title":{"rendered":"Bienvenue sur \u00c9checs &#038; Mixte !"},"content":{"rendered":"<p style=\"text-align: justify;\">A vous toutes et tous, amatrices et amateurs du noble jeu,<\/p>\n<p style=\"text-align: justify;\">Au nom de tous ses membres, j\u2019ai l\u2019immense plaisir de vous annoncer la cr\u00e9ation de l\u2019association <strong>\u00ab\u00a0\u00c9checs &amp; Mixte ! \u00bb<\/strong> dont le but est de proposer des mesures b\u00e9n\u00e9fiques \u00e0 la pratique f\u00e9minine du jeu d\u2019\u00c9checs et \u00e0 la progression des performances sportives des femmes, dans un esprit d\u2019\u00e9galit\u00e9 entre joueuses et joueurs d\u2019\u00c9checs. Notamment, l\u2019association a pour but de promouvoir et favoriser la mixit\u00e9 en tous domaines li\u00e9s au milieu \u00e9chiqu\u00e9en. L\u2019association s\u2019attachera \u00e9galement \u00e0 \u00e9tudier et \u00e9valuer toute mesure propos\u00e9e par d\u2019autres (individus, institutions, f\u00e9d\u00e9rations, clubs etc\u2026, fran\u00e7ais ou non) ayant ce but affich\u00e9 ainsi qu\u2019\u00e0 faire un bilan r\u00e9gulier de l\u2019\u00e9volution de la situation de la mixit\u00e9 aux \u00c9checs.<\/p>\n<p style=\"text-align: justify;\">Nous sommes heureux de vous accueillir sur notre site Internet, lequel permettra \u00e0 chacun de se faire une id\u00e9e plus pr\u00e9cise des arguments qui ont aliment\u00e9 nos r\u00e9flexions et fonderont nos futures actions en faveur du sport \u00c9checs. <span style=\"color: #ffffff;\"><strong>Aur\u00e9lie Dacalor<\/strong><\/span><\/p>\n<p style=\"text-align: justify;\">Il nous semble \u00e9vident que la disproportion actuelle entre femmes et hommes aux \u00c9checs, en nombre comme en niveau de jeu, n\u2019est pas due \u00e0 une diff\u00e9rence d\u2019aptitudes inscrite dans les g\u00e8nes, mais bien \u00e0 un ensemble de processus culturels et soci\u00e9taux. Depuis des ann\u00e9es, les lois, reflet vivant de l\u2019\u00e9volution de nos soci\u00e9t\u00e9s, ainsi que la participation active de toutes et tous ont permis de faire reculer ces manifestations pass\u00e9istes \u00e0 l\u2019\u00e9cole, dans l\u2019entreprise, dans la vie de tous les jours. Nous sommes persuad\u00e9s que les \u00c9checs ne font pas exception et qu\u2019il est possible de faire \u00e9voluer les mentalit\u00e9s et d\u2019atteindre une v\u00e9ritable mixit\u00e9 entre joueuses et joueurs.<\/p>\n<p style=\"text-align: justify;\">Si comme nous, vous \u00eates convaincu(e)s que la situation pr\u00e9sente n\u2019est pas immuable, si vous d\u00e9sirez t\u00e9moigner, si vous voulez apporter votre contribution \u00e0 cette initiative en faveur d\u2019une v\u00e9ritable mixit\u00e9, rejoignez l\u2019association <strong>\u00ab\u00a0\u00c9checs &amp; Mixte ! \u00bb.<\/strong><\/p>\n<p style=\"text-align: justify;\">Isabelle Billard, Pr\u00e9sidente <strong>\u00c9checs &amp; Mixte !<\/strong><\/p>\n<p style=\"text-align: justify;\">Signez aussi la p\u00e9tition en ligne\u00a0: <a href=\"https:\/\/www.change.org\/p\/f%C3%A9d%C3%A9ration-fran%C3%A7aise-des-echecs-rendre-mixtes-les-championnats-de-france-d-%C3%A9checs-des-jeunes-2\/\">Rendre mixtes les championnats de France d&rsquo;\u00e9checs des jeunes<\/a><\/p>\n<p style=\"text-align: justify;\"><em>Les membres fondateurs de\u00a0<strong>\u00ab\u00a0\u00c9checs &amp; Mixte ! \u00bb<\/strong><\/em><\/p>\n<p style=\"text-align: justify;\"><em>Isabelle Billard, Aur\u00e9lie Dacalor, Mathilde Choisy, Mathilde Congiu, Joachim Iglesias, Fabien Libiszewski, Ma\u00ebl Mevel et Aude Soubrier.<\/em><\/p>\n<p style=\"text-align: justify;\"><span style=\"color: #ffffff;\"><strong>Aur\u00e9lie Dacalor<\/strong><\/span><\/p>\n","protected":false},"excerpt":{"rendered":"<p>A vous toutes et tous, amatrices et amateurs du noble jeu, Au nom de tous ses membres, j\u2019ai l\u2019immense plaisir de vous annoncer la cr\u00e9ation de l\u2019association \u00ab\u00a0\u00c9checs &amp; Mixte ! \u00bb dont le but est de proposer des mesures b\u00e9n\u00e9fiques \u00e0 la pratique f\u00e9minine du jeu d\u2019\u00c9checs et \u00e0 la progression des performances sportives &#8230; <a title=\"Bienvenue sur \u00c9checs &#038; Mixte !\" class=\"read-more\" href=\"http:\/\/echecsetmixte.fr\/?page_id=368\" aria-label=\"En savoir plus sur Bienvenue sur \u00c9checs &#038; Mixte !\">Lire la suite<\/a><\/p>\n","protected":false},"author":3,"featured_media":0,"parent":156,"menu_order":0,"comment_status":"open","ping_status":"closed","template":"","meta":{"_monsterinsights_skip_tracking":false,"_monsterinsights_sitenote_active":false,"_monsterinsights_sitenote_note":"","_monsterinsights_sitenote_category":0,"footnotes":""},"class_list":["post-368","page","type-page","status-publish"],"_links":{"self":[{"href":"http:\/\/echecsetmixte.fr\/index.php?rest_route=\/wp\/v2\/pages\/368","targetHints":{"allow":["GET"]}}],"collection":[{"href":"http:\/\/echecsetmixte.fr\/index.php?rest_route=\/wp\/v2\/pages"}],"about":[{"href":"http:\/\/echecsetmixte.fr\/index.php?rest_route=\/wp\/v2\/types\/page"}],"author":[{"embeddable":true,"href":"http:\/\/echecsetmixte.fr\/index.php?rest_route=\/wp\/v2\/users\/3"}],"replies":[{"embeddable":true,"href":"http:\/\/echecsetmixte.fr\/index.php?rest_route=%2Fwp%2Fv2%2Fcomments&post=368"}],"version-history":[{"count":5,"href":"http:\/\/echecsetmixte.fr\/index.php?rest_route=\/wp\/v2\/pages\/368\/revisions"}],"predecessor-version":[{"id":1855,"href":"http:\/\/echecsetmixte.fr\/index.php?rest_route=\/wp\/v2\/pages\/368\/revisions\/1855"}],"up":[{"embeddable":true,"href":"http:\/\/echecsetmixte.fr\/index.php?rest_route=\/wp\/v2\/pages\/156"}],"wp:attachment":[{"href":"http:\/\/echecsetmixte.fr\/index.php?rest_route=%2Fwp%2Fv2%2Fmedia&parent=368"}],"curies":[{"name":"wp","href":"https:\/\/api.w.org\/{rel}","templated":true}]}}