{"id":44,"date":"2015-03-22T22:49:02","date_gmt":"2015-03-22T21:49:02","guid":{"rendered":"http:\/\/echecsetmixte.fr\/?page_id=44"},"modified":"2015-08-19T11:22:03","modified_gmt":"2015-08-19T10:22:03","slug":"contact","status":"publish","type":"page","link":"http:\/\/echecsetmixte.fr\/?page_id=44","title":{"rendered":"Contact"},"content":{"rendered":"<p>Si vous avez des questions ou souhaitez contribuer aux discussions sur la mixit\u00e9 aux \u00e9checs, nous vous invitons \u00e0 nous \u00e9crire sur le formulaire ci-dessous, <strong>\u00c9checs &amp; Mixte !<\/strong> se fera un plaisir de vous r\u00e9pondre : <span style=\"color: #ffffff;\"><strong>Aur\u00e9lie Dacalor<\/strong><\/span><\/p>\n<p class=\"wpcf7-contact-form-not-found\"><strong>Erreur\u00a0:<\/strong> Formulaire de contact non trouv\u00e9\u00a0!<\/p>\n","protected":false},"excerpt":{"rendered":"<p>Si vous avez des questions ou souhaitez contribuer aux discussions sur la mixit\u00e9 aux \u00e9checs, nous vous invitons \u00e0 nous \u00e9crire sur le formulaire ci-dessous, \u00c9checs &amp; Mixte ! se fera un plaisir de vous r\u00e9pondre : Aur\u00e9lie Dacalor<\/p>\n","protected":false},"author":1,"featured_media":0,"parent":0,"menu_order":0,"comment_status":"open","ping_status":"open","template":"","meta":{"_monsterinsights_skip_tracking":false,"_monsterinsights_sitenote_active":false,"_monsterinsights_sitenote_note":"","_monsterinsights_sitenote_category":0,"footnotes":""},"class_list":["post-44","page","type-page","status-publish"],"_links":{"self":[{"href":"http:\/\/echecsetmixte.fr\/index.php?rest_route=\/wp\/v2\/pages\/44","targetHints":{"allow":["GET"]}}],"collection":[{"href":"http:\/\/echecsetmixte.fr\/index.php?rest_route=\/wp\/v2\/pages"}],"about":[{"href":"http:\/\/echecsetmixte.fr\/index.php?rest_route=\/wp\/v2\/types\/page"}],"author":[{"embeddable":true,"href":"http:\/\/echecsetmixte.fr\/index.php?rest_route=\/wp\/v2\/users\/1"}],"replies":[{"embeddable":true,"href":"http:\/\/echecsetmixte.fr\/index.php?rest_route=%2Fwp%2Fv2%2Fcomments&post=44"}],"version-history":[{"count":8,"href":"http:\/\/echecsetmixte.fr\/index.php?rest_route=\/wp\/v2\/pages\/44\/revisions"}],"predecessor-version":[{"id":523,"href":"http:\/\/echecsetmixte.fr\/index.php?rest_route=\/wp\/v2\/pages\/44\/revisions\/523"}],"wp:attachment":[{"href":"http:\/\/echecsetmixte.fr\/index.php?rest_route=%2Fwp%2Fv2%2Fmedia&parent=44"}],"curies":[{"name":"wp","href":"https:\/\/api.w.org\/{rel}","templated":true}]}}