{"id":703,"date":"2015-11-16T18:48:45","date_gmt":"2015-11-16T17:48:45","guid":{"rendered":"http:\/\/echecsetmixte.fr\/?page_id=703"},"modified":"2015-11-16T21:22:06","modified_gmt":"2015-11-16T20:22:06","slug":"forum","status":"publish","type":"page","link":"http:\/\/echecsetmixte.fr\/?page_id=703","title":{"rendered":"Forum (r\u00e9serv\u00e9 aux membres)"},"content":{"rendered":"<p>Le forum est r\u00e9serv\u00e9 aux membres de l&rsquo;association. Si vous souhaitez participer aux discussions de l&rsquo;association, nous vous invitons \u00e0 adh\u00e9rer \u00e0 Echecs et Mixte! via <a href=\"http:\/\/echecsetmixte.fr\/?page_id=123\">le formulaire d&rsquo;adh\u00e9sion<\/a>.<\/p>\n<p>Si vous \u00eates membre de l&rsquo;association mais que vous n&rsquo;avez pas encore l&rsquo;acc\u00e8s au forum, contactez-nous en nous \u00e9crivant \u00e0 echecsetmixte@gmail.com ou remplissez <a href=\"http:\/\/echecsetmixte.fr\/?page_id=44\">le formulaire de contact<\/a>.<\/p>\n<p>Si vous \u00eates membre de l&rsquo;association et que vous avez obtenu votre identifiant et votre mot de passe, <a href=\"http:\/\/echecsetmixte.fr\/?page_id=714\">cliquez ici<\/a>.<\/p>\n","protected":false},"excerpt":{"rendered":"<p>Le forum est r\u00e9serv\u00e9 aux membres de l&rsquo;association. Si vous souhaitez participer aux discussions de l&rsquo;association, nous vous invitons \u00e0 adh\u00e9rer \u00e0 Echecs et Mixte! via le formulaire d&rsquo;adh\u00e9sion. Si vous \u00eates membre de l&rsquo;association mais que vous n&rsquo;avez pas encore l&rsquo;acc\u00e8s au forum, contactez-nous en nous \u00e9crivant \u00e0 echecsetmixte@gmail.com ou remplissez le formulaire de &#8230; <a title=\"Forum (r\u00e9serv\u00e9 aux membres)\" class=\"read-more\" href=\"http:\/\/echecsetmixte.fr\/?page_id=703\" aria-label=\"En savoir plus sur Forum (r\u00e9serv\u00e9 aux membres)\">Lire la suite<\/a><\/p>\n","protected":false},"author":3,"featured_media":0,"parent":59,"menu_order":0,"comment_status":"closed","ping_status":"closed","template":"","meta":{"_monsterinsights_skip_tracking":false,"_monsterinsights_sitenote_active":false,"_monsterinsights_sitenote_note":"","_monsterinsights_sitenote_category":0,"footnotes":""},"class_list":["post-703","page","type-page","status-publish"],"_links":{"self":[{"href":"http:\/\/echecsetmixte.fr\/index.php?rest_route=\/wp\/v2\/pages\/703","targetHints":{"allow":["GET"]}}],"collection":[{"href":"http:\/\/echecsetmixte.fr\/index.php?rest_route=\/wp\/v2\/pages"}],"about":[{"href":"http:\/\/echecsetmixte.fr\/index.php?rest_route=\/wp\/v2\/types\/page"}],"author":[{"embeddable":true,"href":"http:\/\/echecsetmixte.fr\/index.php?rest_route=\/wp\/v2\/users\/3"}],"replies":[{"embeddable":true,"href":"http:\/\/echecsetmixte.fr\/index.php?rest_route=%2Fwp%2Fv2%2Fcomments&post=703"}],"version-history":[{"count":7,"href":"http:\/\/echecsetmixte.fr\/index.php?rest_route=\/wp\/v2\/pages\/703\/revisions"}],"predecessor-version":[{"id":724,"href":"http:\/\/echecsetmixte.fr\/index.php?rest_route=\/wp\/v2\/pages\/703\/revisions\/724"}],"up":[{"embeddable":true,"href":"http:\/\/echecsetmixte.fr\/index.php?rest_route=\/wp\/v2\/pages\/59"}],"wp:attachment":[{"href":"http:\/\/echecsetmixte.fr\/index.php?rest_route=%2Fwp%2Fv2%2Fmedia&parent=703"}],"curies":[{"name":"wp","href":"https:\/\/api.w.org\/{rel}","templated":true}]}}